{"id":4985,"date":"2020-11-15T22:05:04","date_gmt":"2020-11-15T21:05:04","guid":{"rendered":"https:\/\/javips.pl\/?page_id=4985"},"modified":"2020-11-18T00:13:47","modified_gmt":"2020-11-17T23:13:47","slug":"4th-javips","status":"publish","type":"page","link":"https:\/\/javips.pl\/en\/previous-editions\/4th-javips\/","title":{"rendered":"4th JAVIPS"},"content":{"rendered":"<p>[vc_row cth_layout=&#8221;gather_sec&#8221; css=&#8221;.vc_custom_1586122396008{margin-top: 130px !important;}&#8221;][vc_column][vc_column_text]<\/p>\n<div class=\"section-title wow fadeInUp\">\n<h3 style=\"text-align: center;\">4th JAVIPS<\/h3>\n<\/div>\n<p class=\"p1\"><span lang=\"EN-US\">Coronavirus pandemic forced us to change our conference plans in 2020.<span class=\"apple-converted-space\">\u00a0 <\/span>Due to the current world health situation, we decided to organize the 4th edition of JAVIPS 100% online. To differ the brand new online meeting from the offline version of JAVIPS we named it JAVIPS TALKS.<\/span><\/p>\n<p class=\"p1\"><span lang=\"EN-US\">The online meeting consisted of three talks transmitted in real-time during which attendees could ask questions, comment on the chat and win some extra prizes for being most active among the public.<\/span><span lang=\"EN-US\">\u00a0<\/span><\/p>\n<p class=\"p1\"><span lang=\"EN-US\">We made sure that <strong>JAVIPS TALKS 2020<\/strong> was full of expert knowledge and topics as well as the biggest names among IT specialists on Poland Tech scene in the role of speakers.<\/span><\/p>\n<p class=\"p1\"><span lang=\"EN-US\">Jaros\u0142aw Pa\u0142ka and Piotr Przyby\u0142 started the event with their talk on code performance. They discussed &#8220;clean code&#8221; affecting system performance and answered the question \u201eWhy more doesn\u2019t always mean faster?&#8221;.<\/span><\/p>\n<p class=\"p1\"><span lang=\"EN-US\">The middle talk belonged to Jakub Marchwicki, who questioned the validity of tests and their division to unit tests, integration tests and acceptance tests. Big Kudos to Kuba for helping us with organizing the whole online conference from the very beginning.<span class=\"apple-converted-space\">\u00a0<\/span><\/span><\/p>\n<p class=\"p1\"><span lang=\"EN-US\">The icing on the cake was the Q&amp;A session of three experts: Mariusz Gil, Jakub Pilimon and S\u0142awek Sob\u00f3tka. The speakers discussed the topic of domain, modules, boundaries and answered difficult questions from the public.<\/span><\/p>\n<p class=\"p1\"><span lang=\"EN-US\"><strong>JAVIPS TALKS<\/strong> was well received by the JAVIPS community and we got great feedback from the meeting attendees. Hopefully, we will be able to meet all of you offline next time!<\/span><\/p>\n<p>[\/vc_column_text][vc_row_inner equal_height=&#8221;yes&#8221; css=&#8221;.vc_custom_1586122543985{margin-top: 40px !important;}&#8221;][vc_column_inner el_class=&#8221;group-left-top&#8221; width=&#8221;2\/3&#8243;][vc_single_image image=&#8221;4832&#8243; add_caption=&#8221;yes&#8221; alignment=&#8221;center&#8221; style=&#8221;vc_box_circle&#8221; title=&#8221;Jaros\u0142aw&#8221;][vc_single_image image=&#8221;3612&#8243; add_caption=&#8221;yes&#8221; alignment=&#8221;center&#8221; title=&#8221;Piotr Przyby\u0142&#8221;][vc_column_text css=&#8221;.vc_custom_1605654620817{margin-top: 30px !important;padding-bottom: 30px !important;}&#8221;]<\/p>\n<p style=\"text-align: center;\"><span lang=\"EN-US\">&#8216;Why more doesn\u2019t always mean faster?&#8217;<\/span><\/p>\n<p>[\/vc_column_text][vc_btn title=&#8221;Pobierz ebook&#8221; shape=&#8221;round&#8221; color=&#8221;danger&#8221; align=&#8221;center&#8221; link=&#8221;url:https%3A%2F%2Fjavips.pl%2Febook%2F|||&#8221;][\/vc_column_inner][vc_column_inner el_class=&#8221;group-right-top&#8221; width=&#8221;1\/3&#8243;][vc_single_image image=&#8221;3489&#8243; add_caption=&#8221;yes&#8221; alignment=&#8221;center&#8221; title=&#8221;Jakub Marchwicki&#8221;][vc_column_text css=&#8221;.vc_custom_1605654768651{margin-top: 30px !important;padding-bottom: 30px !important;}&#8221;]<\/p>\n<p style=\"text-align: center;\">&#8216;You were told &#8211; the test pyramid but you do microservices &#8230; and what now?&#8217;<\/p>\n<p>[\/vc_column_text][vc_btn title=&#8221;Pobierz ebook&#8221; shape=&#8221;round&#8221; color=&#8221;danger&#8221; align=&#8221;center&#8221; link=&#8221;url:https%3A%2F%2Fjavips.pl%2Febook%2F|||&#8221;][\/vc_column_inner][\/vc_row_inner][vc_row_inner equal_height=&#8221;yes&#8221; css=&#8221;.vc_custom_1586122543985{margin-top: 40px !important;}&#8221;][vc_column_inner el_class=&#8221;group-bottom&#8221;][vc_single_image image=&#8221;4830&#8243; add_caption=&#8221;yes&#8221; alignment=&#8221;center&#8221; style=&#8221;vc_box_circle&#8221; title=&#8221;Mariusz Gil&#8221;][vc_single_image image=&#8221;3899&#8243; add_caption=&#8221;yes&#8221; alignment=&#8221;center&#8221; title=&#8221;Jakub Pilimon&#8221;][vc_single_image image=&#8221;4843&#8243; add_caption=&#8221;yes&#8221; alignment=&#8221;center&#8221; style=&#8221;vc_box_circle&#8221; title=&#8221;S\u0142awek Sob\u00f3tka&#8221;][vc_column_text css=&#8221;.vc_custom_1605654819224{margin-top: 30px !important;padding-bottom: 30px !important;}&#8221;]<\/p>\n<p style=\"text-align: center;\">&#8216;Domain exploration: tools Q&amp;A&#8217;<\/p>\n<p>[\/vc_column_text][vc_btn title=&#8221;Pobierz ebook&#8221; shape=&#8221;round&#8221; color=&#8221;danger&#8221; align=&#8221;center&#8221; link=&#8221;url:https%3A%2F%2Fjavips.pl%2Febook%2F|||&#8221;][\/vc_column_inner][\/vc_row_inner][vc_empty_space][vc_gallery type=&#8221;image_grid&#8221; images=&#8221;4931,4933,4935,4937,4939,4941,4945,4947,4949&#8243; img_size=&#8221;360&#215;211&#8243;][\/vc_column][\/vc_row]<\/p>\n","protected":false},"excerpt":{"rendered":"<p>[vc_row cth_layout=&#8221;gather_sec&#8221; css=&#8221;.vc_custom_1586122396008{margin-top: 130px !important;}&#8221;][vc_column][vc_column_text] 4th JAVIPS Coronavirus pandemic forced us to change our conference plans in 2020.\u00a0 Due to the current world health situation, we decided to organize the 4th edition of JAVIPS 100% online. To differ the brand new online meeting from the offline version of JAVIPS we named it JAVIPS TALKS. The&#8230;<\/p>\n","protected":false},"author":1,"featured_media":0,"parent":4085,"menu_order":0,"comment_status":"closed","ping_status":"closed","template":"homepage-onepage.php","meta":[],"_links":{"self":[{"href":"https:\/\/javips.pl\/en\/wp-json\/wp\/v2\/pages\/4985"}],"collection":[{"href":"https:\/\/javips.pl\/en\/wp-json\/wp\/v2\/pages"}],"about":[{"href":"https:\/\/javips.pl\/en\/wp-json\/wp\/v2\/types\/page"}],"author":[{"embeddable":true,"href":"https:\/\/javips.pl\/en\/wp-json\/wp\/v2\/users\/1"}],"replies":[{"embeddable":true,"href":"https:\/\/javips.pl\/en\/wp-json\/wp\/v2\/comments?post=4985"}],"version-history":[{"count":3,"href":"https:\/\/javips.pl\/en\/wp-json\/wp\/v2\/pages\/4985\/revisions"}],"predecessor-version":[{"id":4998,"href":"https:\/\/javips.pl\/en\/wp-json\/wp\/v2\/pages\/4985\/revisions\/4998"}],"up":[{"embeddable":true,"href":"https:\/\/javips.pl\/en\/wp-json\/wp\/v2\/pages\/4085"}],"wp:attachment":[{"href":"https:\/\/javips.pl\/en\/wp-json\/wp\/v2\/media?parent=4985"}],"curies":[{"name":"wp","href":"https:\/\/api.w.org\/{rel}","templated":true}]}}