{"id":4121,"date":"2020-04-15T15:52:25","date_gmt":"2020-04-15T13:52:25","guid":{"rendered":"https:\/\/javips.pl\/?page_id=4121"},"modified":"2020-05-26T14:53:55","modified_gmt":"2020-05-26T12:53:55","slug":"kontakt","status":"publish","type":"page","link":"https:\/\/javips.pl\/en\/kontakt\/","title":{"rendered":"Contact"},"content":{"rendered":"<p>[vc_row cth_layout=&#8221;gather_sec&#8221; css=&#8221;.vc_custom_1586122583094{margin-top: 130px !important;}&#8221;][vc_column][vc_column_text]<\/p>\r\n<div class=\"section-title wow fadeInUp\">\r\n<h4 style=\"text-align: center;\">Contact<\/h4>\r\n<\/div>\r\n<p><span style=\"font-weight: 400;\">The highest of quality and professionalism means a lot to us! Our event attracts not only IT specialists <\/span><span style=\"font-weight: 400;\">but also ambitious programmers<\/span><span style=\"font-weight: 400;\"> aspiring to the role.\u00a0<\/span><span style=\"font-weight: 400;\">We create a friendly space for knowledge and experience sharing.<\/span><\/p>\r\n<p><span style=\"font-weight: 400;\">If you want to create a community of Java specialists in Szczecin with us &#8211; do not hesitate!\u00a0 Let\u2019s talk about doing it together!<\/span><\/p>\r\n<p>&nbsp;<\/p>\r\n<p>[\/vc_column_text][vc_row_inner][vc_column_inner width=&#8221;1\/2&#8243;][vc_column_text]<\/p>\r\n<p style=\"text-align: center;\"><strong>Joanna<\/strong><br \/><a href=\"mailto:joanna@javips.pl\">joanna@javips.pl<\/a><br \/>tel: +48 794 692 692<br \/>President of the JAVIPS<\/p>\r\n<p>[\/vc_column_text][\/vc_column_inner][vc_column_inner width=&#8221;1\/2&#8243;][vc_column_text]<\/p>\r\n<p style=\"text-align: center;\"><strong>Katarzyna<\/strong><br \/><a href=\"mailto:kasia@javips.pl\">kasia@javips.pl<\/a><br \/>tel: +48 601 868 892<br \/>Member of the\u00a0 JAVIPS<\/p>\r\n<p>[\/vc_column_text][\/vc_column_inner][\/vc_row_inner][vc_column_text]<\/p>\r\n<div class=\"section-title wow fadeInUp\">\r\n<h4 style=\"text-align: center;\">Napisz do nas<\/h4>\r\n<\/div>\r\n<p>[\/vc_column_text][\/vc_column][\/vc_row][vc_row cth_layout=&#8221;gather_sec&#8221;][vc_column]<div role=\"form\" class=\"wpcf7\" id=\"wpcf7-f853-o1\" lang=\"en-US\" dir=\"ltr\">\n<div class=\"screen-reader-response\"><p role=\"status\" aria-live=\"polite\" aria-atomic=\"true\"><\/p> <ul><\/ul><\/div>\n<form action=\"\/en\/wp-json\/wp\/v2\/pages\/4121#wpcf7-f853-o1\" method=\"post\" class=\"wpcf7-form init\" novalidate=\"novalidate\" data-status=\"init\">\n<div style=\"display: none;\">\n<input type=\"hidden\" name=\"_wpcf7\" value=\"853\" \/>\n<input type=\"hidden\" name=\"_wpcf7_version\" value=\"5.4.2\" \/>\n<input type=\"hidden\" name=\"_wpcf7_locale\" value=\"en_US\" \/>\n<input type=\"hidden\" name=\"_wpcf7_unit_tag\" value=\"wpcf7-f853-o1\" \/>\n<input type=\"hidden\" name=\"_wpcf7_container_post\" value=\"0\" \/>\n<input type=\"hidden\" name=\"_wpcf7_posted_data_hash\" value=\"\" \/>\n<\/div>\n<div class=\"contact-form bottom-space-xl wow fadeInUp\">\n<div class=\"row\">\n<div class=\"col-md-6 col-md-offset-3\">\n<div class=\"row\">\n<div class=\"col-sm-6\">\n<div class=\"form-group\">\n                                    <label>Imi\u0119:*<\/label><br \/>\n<span class=\"wpcf7-form-control-wrap your_first_name\"><input type=\"text\" name=\"your_first_name\" value=\"\" size=\"40\" class=\"wpcf7-form-control wpcf7-text wpcf7-validates-as-required form-control\" aria-required=\"true\" aria-invalid=\"false\" \/><\/span>\n                                <\/div>\n<\/div>\n<div class=\"col-sm-6\">\n<div class=\"form-group\">\n                                    <label>Nazwisko:*<\/label><br \/>\n<span class=\"wpcf7-form-control-wrap your_last_name\"><input type=\"text\" name=\"your_last_name\" value=\"\" size=\"40\" class=\"wpcf7-form-control wpcf7-text wpcf7-validates-as-required form-control\" aria-required=\"true\" aria-invalid=\"false\" \/><\/span>\n                                <\/div>\n<\/div>\n<\/div>\n<div class=\"form-group\">\n                            <label>Adres e-mail:*<\/label><br \/>\n<span class=\"wpcf7-form-control-wrap your_email\"><input type=\"email\" name=\"your_email\" value=\"\" size=\"40\" class=\"wpcf7-form-control wpcf7-text wpcf7-email wpcf7-validates-as-required wpcf7-validates-as-email form-control\" aria-required=\"true\" aria-invalid=\"false\" \/><\/span>\n                        <\/div>\n<div class=\"form-group\">\n                            <label>Tre\u015b\u0107 wiadomo\u015bci:*<\/label><br \/>\n                            <span class=\"wpcf7-form-control-wrap your-message\"><textarea name=\"your-message\" cols=\"40\" rows=\"10\" class=\"wpcf7-form-control wpcf7-textarea wpcf7-validates-as-required form-control\" aria-required=\"true\" aria-invalid=\"false\"><\/textarea><\/span>\n                        <\/div>\n<div class=\"form-group\">\n<div class=\"text-center top-space\">\n<input type=\"submit\" value=\"Wy\u015blij\" class=\"wpcf7-form-control wpcf7-submit btn btn-success\" \/>\n                        <\/div>\n<\/div>\n<\/div>\n<\/div>\n<div class=\"wpcf7-response-output\" aria-hidden=\"true\"><\/div><\/form><\/div>[\/vc_column][\/vc_row][vc_row disable_element=&#8221;yes&#8221;][vc_column][vc_column_text]<\/p>\r\n<div class=\"section-title wow fadeInUp\">\r\n<h4 style=\"text-align: center;\">Do wydarzenia pozosta\u0142o:<\/h4>\r\n<\/div>\r\n<p>[\/vc_column_text][\/vc_column][\/vc_row][vc_row disable_element=&#8221;yes&#8221;][vc_column][cth_countdown date=&#8221;23&#8243; month=&#8221;October&#8221; year=&#8221;2019&#8243; time=&#8221;17:00:00&#8243;][\/cth_countdown][\/vc_column][\/vc_row]<\/p>","protected":false},"excerpt":{"rendered":"<p>[vc_row cth_layout=&#8221;gather_sec&#8221; css=&#8221;.vc_custom_1586122583094{margin-top: 130px !important;}&#8221;][vc_column][vc_column_text] Contact The highest of quality and professionalism means a lot to us! Our event attracts not only IT specialists but also ambitious programmers aspiring to the role.\u00a0We create a friendly space for knowledge and experience sharing. If you want to create a community of Java specialists in Szczecin with us&#8230;<\/p>\n","protected":false},"author":1,"featured_media":0,"parent":0,"menu_order":0,"comment_status":"closed","ping_status":"closed","template":"homepage-onepage.php","meta":[],"_links":{"self":[{"href":"https:\/\/javips.pl\/en\/wp-json\/wp\/v2\/pages\/4121"}],"collection":[{"href":"https:\/\/javips.pl\/en\/wp-json\/wp\/v2\/pages"}],"about":[{"href":"https:\/\/javips.pl\/en\/wp-json\/wp\/v2\/types\/page"}],"author":[{"embeddable":true,"href":"https:\/\/javips.pl\/en\/wp-json\/wp\/v2\/users\/1"}],"replies":[{"embeddable":true,"href":"https:\/\/javips.pl\/en\/wp-json\/wp\/v2\/comments?post=4121"}],"version-history":[{"count":14,"href":"https:\/\/javips.pl\/en\/wp-json\/wp\/v2\/pages\/4121\/revisions"}],"predecessor-version":[{"id":4382,"href":"https:\/\/javips.pl\/en\/wp-json\/wp\/v2\/pages\/4121\/revisions\/4382"}],"wp:attachment":[{"href":"https:\/\/javips.pl\/en\/wp-json\/wp\/v2\/media?parent=4121"}],"curies":[{"name":"wp","href":"https:\/\/api.w.org\/{rel}","templated":true}]}}