{"id":4097,"date":"2020-04-15T13:45:53","date_gmt":"2020-04-15T11:45:53","guid":{"rendered":"https:\/\/javips.pl\/?page_id=4097"},"modified":"2020-10-06T09:15:22","modified_gmt":"2020-10-06T07:15:22","slug":"1st-javips","status":"publish","type":"page","link":"https:\/\/javips.pl\/en\/previous-editions\/1st-javips\/","title":{"rendered":"1st JAVIPS"},"content":{"rendered":"<p>[vc_row cth_layout=&#8221;gather_sec&#8221; css=&#8221;.vc_custom_1586122266232{margin-top: 130px !important;}&#8221;][vc_column][vc_column_text]<\/p>\n<div class=\"section-title wow fadeInUp\">\n<h4 style=\"text-align: center;\">1st JAVIPS<\/h4>\n<\/div>\n<p><span style=\"font-weight: 400;\">The idea of organizing meetups for JAVA experts in Szczecin was born when we noticed a lack of such events in both our city and the surrounding area of the Zachodniopomorskie voivodeship. Therefore, we decided to set up the JAVIPS Foundation to fill this gap.\u00a0<\/span><\/p>\n<p><span style=\"font-weight: 400;\">Our mission was to share expert knowledge among senior software programmers and build a community of JAVA specialists.\u00a0<\/span><\/p>\n<p><span style=\"font-weight: 400;\">Due to our efforts, the first conference for JAVA experts &#8211; JAVIPS 2018, was organized in Szczecin.\u00a0<\/span><\/p>\n<p><span style=\"font-weight: 400;\">JAVIPS hit the bullseye! We invited three IT Java practitioners who had been working in engineering and management positions within the IT industry for many years. These first three speakers to hit the JAVIPS stage were Bart\u0142omiej Ni\u0107ka, an IT consultant from Consileon Polska, Bart\u0142omiej S\u0142ota TechLead and developer, and well-known in the Polish Java scene &#8211; Jaros\u0142aw Pa\u0142ka.<\/span><\/p>\n<p><span style=\"font-weight: 400;\">Almost 100 Java developers attended the event. The great atmosphere and positive feedback we received assured us that we were heading in the right direction with JAVIPS.<\/span>[\/vc_column_text][vc_video link=&#8221;https:\/\/www.youtube.com\/watch?v=Qxl_Yz1bXso&#8221; css=&#8221;.vc_custom_1586122458501{margin-top: 40px !important;}&#8221;][vc_row_inner equal_height=&#8221;yes&#8221; css=&#8221;.vc_custom_1586122471142{margin-top: 40px !important;}&#8221;][vc_column_inner width=&#8221;1\/3&#8243;][vc_single_image image=&#8221;2906&#8243; alignment=&#8221;center&#8221;][vc_column_text]<\/p>\n<h4 style=\"text-align: center;\">Bart\u0142omiej Ni\u0107ka<\/h4>\n<p style=\"text-align: center;\"><span style=\"font-weight: 400;\">\u201cReactive Programming in Java\u201d<\/span><\/p>\n<p>[\/vc_column_text][vc_btn title=&#8221;Download ebook&#8221; shape=&#8221;round&#8221; color=&#8221;danger&#8221; align=&#8221;center&#8221; link=&#8221;url:https%3A%2F%2Fjavips.pl%2Febook%2F|||&#8221;][\/vc_column_inner][vc_column_inner width=&#8221;1\/3&#8243;][vc_single_image image=&#8221;3015&#8243; alignment=&#8221;center&#8221;][vc_column_text]<\/p>\n<h4 style=\"text-align: center;\">Bart\u0142omiej S\u0142ota<\/h4>\n<p style=\"text-align: center;\"><span style=\"font-weight: 400;\">\u201cManaging Business Processes In Microservice Architecture With Spring Ecosystem\u201d<\/span><\/p>\n<p>[\/vc_column_text][vc_btn title=&#8221;Download ebook&#8221; shape=&#8221;round&#8221; color=&#8221;danger&#8221; align=&#8221;center&#8221; link=&#8221;url:https%3A%2F%2Fwww.youtube.com%2Fwatch%3Fv%3DGPf2MIabzA4|||&#8221;][\/vc_column_inner][vc_column_inner width=&#8221;1\/3&#8243;][vc_single_image image=&#8221;2940&#8243; alignment=&#8221;center&#8221;][vc_column_text]<\/p>\n<h4 style=\"text-align: center;\">Jaros\u0142aw Pa\u0142ka<\/h4>\n<p style=\"text-align: center;\"><span style=\"font-weight: 400;\">\u201cWe are all doomed, which is why, what we do cannot be called programming\u201d<\/span><\/p>\n<p>[\/vc_column_text][vc_btn title=&#8221;Download ebook&#8221; shape=&#8221;round&#8221; color=&#8221;danger&#8221; align=&#8221;center&#8221; link=&#8221;url:https%3A%2F%2Fjavips.pl%2Febook%2F|||&#8221;][\/vc_column_inner][\/vc_row_inner][vc_empty_space][vc_gallery type=&#8221;image_grid&#8221; images=&#8221;3462,3463,3464,3465,3466,3467,3468,3469,3472&#8243; img_size=&#8221;360&#215;211&#8243;][\/vc_column][\/vc_row][vc_row cth_layout=&#8221;gather_sec&#8221; css=&#8221;.vc_custom_1552427494229{margin-top: 40px !important;margin-bottom: 0px !important;}&#8221;][vc_column width=&#8221;1\/4&#8243;][cth_testimonial name=&#8221;&#8221; job=&#8221;&#8221; company=&#8221;&#8221;]Once a year it&#8217;s not enough &#x1f60a;. The level of speakers is pretty high, and I would come even every three months despite of paying for entry.[\/cth_testimonial][\/vc_column][vc_column width=&#8221;1\/4&#8243;][cth_testimonial name=&#8221;&#8221; job=&#8221;&#8221; company=&#8221;&#8221;]In my opinion, it&#8217;s very positive. At the moment, I don&#8217;t see any things which required total improvement.[\/cth_testimonial][\/vc_column][vc_column width=&#8221;1\/4&#8243;][cth_testimonial name=&#8221;&#8221; job=&#8221;&#8221; company=&#8221;&#8221;]JAVIPS &#8211; more often than once a year! Quarterly would be excellent, but organising the event every half year is the minimum for JAVIPS community to grow.[\/cth_testimonial][\/vc_column][vc_column width=&#8221;1\/4&#8243;][cth_testimonial name=&#8221;&#8221; job=&#8221;&#8221; company=&#8221;&#8221;]An excellent and extremely substantive conference! [&#8230;] Thanks for essential topics discussed in the field of microservice architecture and general semantics of software development.[\/cth_testimonial][\/vc_column][\/vc_row]<\/p>\n","protected":false},"excerpt":{"rendered":"<p>[vc_row cth_layout=&#8221;gather_sec&#8221; css=&#8221;.vc_custom_1586122266232{margin-top: 130px !important;}&#8221;][vc_column][vc_column_text] 1st JAVIPS The idea of organizing meetups for JAVA experts in Szczecin was born when we noticed a lack of such events in both our city and the surrounding area of the Zachodniopomorskie voivodeship. Therefore, we decided to set up the JAVIPS Foundation to fill this gap.\u00a0 Our mission was&#8230;<\/p>\n","protected":false},"author":1,"featured_media":0,"parent":4085,"menu_order":0,"comment_status":"closed","ping_status":"closed","template":"homepage-onepage.php","meta":[],"_links":{"self":[{"href":"https:\/\/javips.pl\/en\/wp-json\/wp\/v2\/pages\/4097"}],"collection":[{"href":"https:\/\/javips.pl\/en\/wp-json\/wp\/v2\/pages"}],"about":[{"href":"https:\/\/javips.pl\/en\/wp-json\/wp\/v2\/types\/page"}],"author":[{"embeddable":true,"href":"https:\/\/javips.pl\/en\/wp-json\/wp\/v2\/users\/1"}],"replies":[{"embeddable":true,"href":"https:\/\/javips.pl\/en\/wp-json\/wp\/v2\/comments?post=4097"}],"version-history":[{"count":10,"href":"https:\/\/javips.pl\/en\/wp-json\/wp\/v2\/pages\/4097\/revisions"}],"predecessor-version":[{"id":4740,"href":"https:\/\/javips.pl\/en\/wp-json\/wp\/v2\/pages\/4097\/revisions\/4740"}],"up":[{"embeddable":true,"href":"https:\/\/javips.pl\/en\/wp-json\/wp\/v2\/pages\/4085"}],"wp:attachment":[{"href":"https:\/\/javips.pl\/en\/wp-json\/wp\/v2\/media?parent=4097"}],"curies":[{"name":"wp","href":"https:\/\/api.w.org\/{rel}","templated":true}]}}