{"id":4085,"date":"2020-04-15T13:35:43","date_gmt":"2020-04-15T11:35:43","guid":{"rendered":"https:\/\/javips.pl\/?page_id=4085"},"modified":"2020-11-15T21:58:53","modified_gmt":"2020-11-15T20:58:53","slug":"previous-editions","status":"publish","type":"page","link":"https:\/\/javips.pl\/en\/previous-editions\/","title":{"rendered":"Past events"},"content":{"rendered":"<p>[vc_row cth_layout=&#8221;gather_sec&#8221; css=&#8221;.vc_custom_1586122023455{margin-top: 140px !important;}&#8221;][vc_column][vc_column_text]<\/p>\n<div class=\"section-title wow fadeInUp\">\n<h4 style=\"text-align: center;\">Previous Events<\/h4>\n<\/div>\n<p><span style=\"font-weight: 400;\">JAVIPS expert meetings are gatherings of the highest quality, thanks to a perfect mix of topics, professional speakers and audience. We host the best Polish IT experts as speakers, the very same speakers as those you can expect to find at the most popular IT conferences, not only in Poland but also abroad.\u00a0 Our event is eagerly attended by senior software developers not only from Szczecin but also from surrounding cities. The great news is that any programmer with the required professional experience, once having registered, can attend JAVIPS free of charge.\u00a0<\/span><\/p>\n<p><span style=\"font-weight: 400;\">Don\u2019t miss the videos from our previous events!<\/span>[\/vc_column_text][vc_column_text]<\/p>\n<div class=\"section-title wow fadeInUp\">\n<h4 style=\"text-align: center;\">JAVIPS in numbers<\/h4>\n<\/div>\n<p>[\/vc_column_text][\/vc_column][\/vc_row][vc_row full_width=&#8221;stretch_row&#8221; cth_layout=&#8221;gather_sec&#8221; el_id=&#8221;stats-counter&#8221; el_class=&#8221;our-stats&#8221; css=&#8221;.vc_custom_1586122089345{margin-bottom: 20px !important;padding-top: 30px !important;padding-bottom: 30px !important;background: #f1f1f1 url(https:\/\/www.javips.pl\/wp-content\/uploads\/2020\/03\/gradient-1.png?id=3993) !important;background-position: center !important;background-repeat: no-repeat !important;background-size: cover !important;}&#8221;][vc_column width=&#8221;1\/4&#8243;][cth_counter to_number=&#8221;15&#8243; icon_class=&#8221;fa fa-microphone&#8221;]top-notch speakers[\/cth_counter][\/vc_column][vc_column width=&#8221;1\/4&#8243;][cth_counter to_number=&#8221;12&#8243; icon_class=&#8221;fa fa-graduation-cap&#8221;]fantastic presentations[\/cth_counter][\/vc_column][vc_column width=&#8221;1\/4&#8243;][cth_counter to_number=&#8221;457&#8243; icon_class=&#8221;fa fa-ticket&#8221;]sttendees[\/cth_counter][\/vc_column][vc_column width=&#8221;1\/4&#8243;][cth_counter to_number=&#8221;4&#8243; icon_class=&#8221;fa fa-calendar&#8221;]past events[\/cth_counter][\/vc_column][\/vc_row][vc_row cth_layout=&#8221;gather_sec&#8221; css=&#8221;.vc_custom_1585508555438{margin-top: 40px !important;margin-bottom: 0px !important;}&#8221;][vc_column width=&#8221;1\/4&#8243;][cth_testimonial name=&#8221;&#8221; job=&#8221;&#8221; company=&#8221;&#8221;]Raz do roku to za ma\u0142o &#x1f60a;. Przy takim poziomie prelegent\u00f3w, ch\u0119tnie bym przychodzi\u0142 na co\u015b takiego co kwarta\u0142, nawet uiszczaj\u0105c op\u0142at\u0119 w celu pokrycia koszt\u00f3w zaproszonych m\u00f3wc\u00f3w.[\/cth_testimonial][\/vc_column][vc_column width=&#8221;1\/4&#8243;][cth_testimonial name=&#8221;&#8221; job=&#8221;&#8221; company=&#8221;&#8221;]Moim zdaniem jest bardzo pozytywnie. Na chwil\u0119 obecn\u0105 nie dostrzegam punkt\u00f3w wymagaj\u0105cych bezwzgl\u0119dnej poprawy.[\/cth_testimonial][\/vc_column][vc_column width=&#8221;1\/4&#8243;][cth_testimonial name=&#8221;&#8221; job=&#8221;&#8221; company=&#8221;&#8221;]Cz\u0119\u015bciej ni\u017c raz na rok spotkania! Kwartalne by\u0142yby super, co p\u00f3\u0142 roku to minimum, \u017ceby przyby\u0142a &#8220;sta\u0142a&#8221; cz\u0119\u015b\u0107 os\u00f3b, kt\u00f3ra b\u0119dzie poleca\u0107 nowym.[\/cth_testimonial][\/vc_column][vc_column width=&#8221;1\/4&#8243;][cth_testimonial name=&#8221;&#8221; job=&#8221;&#8221; company=&#8221;&#8221;]Wspania\u0142a i niezwykle merytoryczna konferencja. [&#8230;] Poruszone by\u0142y bardzo wa\u017cne tematy z zakresu architektury microservice\u2019owej oraz og\u00f3lnej semantyki wytwarzania oprogramowania.[\/cth_testimonial][\/vc_column][\/vc_row][vc_row][vc_column][vc_empty_space][\/vc_column][\/vc_row][vc_row cth_layout=&#8221;gather_sec&#8221;][vc_column width=&#8221;1\/3&#8243;][vc_raw_html]JTNDZGl2JTIwY2xhc3MlM0QlMjJ0aHVtYm5haWwlMjIlM0UlMEElM0NwJTNFJTNDaW1nJTIwc3JjJTNEJTIyaHR0cHMlM0ElMkYlMkZ3d3cuamF2aXBzLnBsJTJGd3AtY29udGVudCUyRnVwbG9hZHMlMkYyMDE5JTJGMDMlMkZrdXJpZXItMTAyNHg2NTUuanBnJTIyJTNFJTNDJTJGcCUzRSUwQSUzQ2RpdiUyMGNsYXNzJTNEJTIyY2FwdGlvbiUyMiUzRSUwQSUzQ2g2JTIwY2xhc3MlM0QlMjJjYXB0aW9uLXRpdGxlJTIyJTNFRWtzcGVyY2klMjBvZCUyMEphdnklMjB3JTIwU3pjemVjaW5pZSUzQyUyRmg2JTNFJTBBJTNDcCUyMGNsYXNzJTNEJTIyY2FwdGlvbi10ZXh0JTIyJTNFS3VyaWVyJTIwU3pjemVjaSVDNSU4NHNraSUzQyUyRnAlM0UlMEElM0NwJTIwY2xhc3MlM0QlMjJ0ZXh0LWNlbnRlciUyMiUzRSUzQ2ElMjBjbGFzcyUzRCUyMmJ0biUyMGJ0bi1vdXRsaW5lJTIyJTIwaHJlZiUzRCUyMmh0dHBzJTNBJTJGJTJGMjRrdXJpZXIucGwlMkZha3R1YWxub3NjaSUyRmdvc3BvZGFya2ElMkZla3NwZXJjaS1vZC1qYXZ5LXctc3pjemVjaW5pZSUyRiUyMiUyMHRhcmdldCUzRCUyMl9ibGFuayUyMiUzRU9kd2llZCVDNSVCQSUyMHN0cm9uJUM0JTk5JTNDJTJGYSUzRSUzQyUyRnAlM0UlMEElM0MlMkZkaXYlM0UlMEElM0MlMkZkaXYlM0U=[\/vc_raw_html][\/vc_column][vc_column width=&#8221;1\/3&#8243;][vc_raw_html]JTNDZGl2JTIwY2xhc3MlM0QlMjJ0aHVtYm5haWwlMjIlM0UlMEElM0NwJTNFJTNDaW1nJTIwc3JjJTNEJTIyaHR0cHMlM0ElMkYlMkZ3d3cuamF2aXBzLnBsJTJGd3AtY29udGVudCUyRnVwbG9hZHMlMkYyMDE5JTJGMDMlMkZteXN6a2EyLTEwMjR4Njc3LmpwZyUyMiUzRSUzQyUyRnAlM0UlMEElM0NkaXYlMjBjbGFzcyUzRCUyMmNhcHRpb24lMjIlM0UlMEElM0NoNiUyMGNsYXNzJTNEJTIyY2FwdGlvbi10aXRsZSUyMiUzRVN6Y3plY2klQzUlODRza2llJTIwc3BvdGthbmlhJTIwZWtzcGVydCVDMyVCM3clMjBKYXZhJTNDJTJGaDYlM0UlMEElM0NwJTIwY2xhc3MlM0QlMjJjYXB0aW9uLXRleHQlMjIlM0VUciVDNCU4NWNpJUM0JTg3JTIwbXlzemslQzQlODUlM0MlMkZwJTNFJTBBJTNDcCUyMGNsYXNzJTNEJTIydGV4dC1jZW50ZXIlMjIlM0UlM0NhJTIwY2xhc3MlM0QlMjJidG4lMjBidG4tb3V0bGluZSUyMiUyMGhyZWYlM0QlMjJodHRwJTNBJTJGJTJGd3d3Lm15c3prYS5vcmclMkZzemN6ZWNpbnNraWUtc3BvdGthbmlhLWVrc3BlcnRvdyUyRiUyMiUyMHRhcmdldCUzRCUyMl9ibGFuayUyMiUzRU9kd2llZCVDNSVCQSUyMHN0cm9uJUM0JTk5JTNDJTJGYSUzRSUzQyUyRnAlM0UlMEElM0MlMkZkaXYlM0UlMEElM0MlMkZkaXYlM0U=[\/vc_raw_html][\/vc_column][vc_column width=&#8221;1\/3&#8243;][vc_raw_html]JTNDZGl2JTIwY2xhc3MlM0QlMjJ0aHVtYm5haWwlMjIlM0UlMEElM0NwJTNFJTNDaW1nJTIwc3JjJTNEJTIyaHR0cHMlM0ElMkYlMkZ3d3cuamF2aXBzLnBsJTJGd3AtY29udGVudCUyRnVwbG9hZHMlMkYyMDE5JTJGMDYlMkZqYXZpcHMyMDE5XzAyLmpwZyUyMiUzRSUzQyUyRnAlM0UlMEElM0NkaXYlMjBjbGFzcyUzRCUyMmNhcHRpb24lMjIlM0UlMEElM0NoNiUyMGNsYXNzJTNEJTIyY2FwdGlvbi10aXRsZSUyMiUzRUZpcm15JTIwSVQlMjB3c3AlQzMlQjNsbnltJTIwaiVDNCU5OXp5a2llbSUyMHN6Y3plY2luYml6ZXMucGwlM0MlMkZoNiUzRSUwQSUzQ3AlMjBjbGFzcyUzRCUyMmNhcHRpb24tdGV4dCUyMiUzRXN6Y3plY2luYml6bmVzLnBsJTNDJTJGcCUzRSUwQSUzQ3AlMjBjbGFzcyUzRCUyMnRleHQtY2VudGVyJTIyJTNFJTNDYSUyMGNsYXNzJTNEJTIyYnRuJTIwYnRuLW91dGxpbmUlMjIlMjBocmVmJTNEJTIyaHR0cCUzQSUyRiUyRnN6Y3plY2luYml6bmVzLnBsJTJGaW5mb3JtYWNqZSUyRkZpcm15LUlULXplLXdzcG9sbnltLWplenlraWVtXzU1NjQlM0ZmYmNsaWQlM0RJd0FSMWFQaVFTSzdtVzNUV0pRMW9OY3BjT1llTG91ZWt1ZktMQ0VsZFlrMzdUa3JwWC1adm1mUDVYdXpJJTIyJTIwdGFyZ2V0JTNEJTIyX2JsYW5rJTIyJTNFT2R3aWVkJUM1JUJBJTIwc3Ryb24lQzQlOTklM0MlMkZhJTNFJTNDJTJGcCUzRSUwQSUzQyUyRmRpdiUzRSUwQSUzQyUyRmRpdiUzRQ==[\/vc_raw_html][\/vc_column][\/vc_row]<\/p>\n","protected":false},"excerpt":{"rendered":"<p>[vc_row cth_layout=&#8221;gather_sec&#8221; css=&#8221;.vc_custom_1586122023455{margin-top: 140px !important;}&#8221;][vc_column][vc_column_text] Previous Events JAVIPS expert meetings are gatherings of the highest quality, thanks to a perfect mix of topics, professional speakers and audience. We host the best Polish IT experts as speakers, the very same speakers as those you can expect to find at the most popular IT conferences, not only&#8230;<\/p>\n","protected":false},"author":1,"featured_media":0,"parent":0,"menu_order":0,"comment_status":"closed","ping_status":"closed","template":"homepage-onepage.php","meta":[],"_links":{"self":[{"href":"https:\/\/javips.pl\/en\/wp-json\/wp\/v2\/pages\/4085"}],"collection":[{"href":"https:\/\/javips.pl\/en\/wp-json\/wp\/v2\/pages"}],"about":[{"href":"https:\/\/javips.pl\/en\/wp-json\/wp\/v2\/types\/page"}],"author":[{"embeddable":true,"href":"https:\/\/javips.pl\/en\/wp-json\/wp\/v2\/users\/1"}],"replies":[{"embeddable":true,"href":"https:\/\/javips.pl\/en\/wp-json\/wp\/v2\/comments?post=4085"}],"version-history":[{"count":8,"href":"https:\/\/javips.pl\/en\/wp-json\/wp\/v2\/pages\/4085\/revisions"}],"predecessor-version":[{"id":4980,"href":"https:\/\/javips.pl\/en\/wp-json\/wp\/v2\/pages\/4085\/revisions\/4980"}],"wp:attachment":[{"href":"https:\/\/javips.pl\/en\/wp-json\/wp\/v2\/media?parent=4085"}],"curies":[{"name":"wp","href":"https:\/\/api.w.org\/{rel}","templated":true}]}}